{"id":1129,"date":"2019-02-26T10:01:30","date_gmt":"2019-02-26T09:01:30","guid":{"rendered":"https:\/\/time-as.no\/aluminium\/?page_id=1129"},"modified":"2025-03-20T09:17:56","modified_gmt":"2025-03-20T08:17:56","slug":"service","status":"publish","type":"page","link":"https:\/\/time-as.no\/aluminium\/service\/","title":{"rendered":"Service"},"content":{"rendered":"<\/div><\/div><\/div><!-- close content main div --><\/div><\/div><div id='av_section_1' class='avia-section main_color avia-section-default avia-no-border-styling av-parallax-section avia-bg-style-parallax    container_wrap fullsize'  data-section-bg-repeat='no-repeat' ><div class='av-parallax' data-avia-parallax-ratio='0.3' ><div class='av-parallax-inner main_color  avia-full-stretch' style = 'background-repeat: no-repeat; background-image: url(https:\/\/time-as.no\/aluminium\/wp-content\/uploads\/sites\/3\/2018\/08\/DSCN0124-1500x630.jpg);background-attachment: scroll; background-position: center center; ' ><\/div><\/div><div class='container' ><div class='template-page content  av-content-full alpha units'><div class='post-entry post-entry-type-page post-entry-1129'><div class='entry-content-wrapper clearfix'>\n<div class=\"flex_column av_one_full  flex_column_div av-zero-column-padding first  \" style='border-radius:0px; '><div style='padding-bottom:10px; color:#ffffff;' class='av-special-heading av-special-heading-h1 custom-color-heading blockquote modern-quote   '><h1 class='av-special-heading-tag '  itemprop=\"headline\"  >SERVICEAVTALE<\/h1><div class='special-heading-border'><div class='special-heading-inner-border' style='border-color:#ffffff'><\/div><\/div><\/div><\/div>\n\n<div class=\"flex_column av_one_full  flex_column_div av-zero-column-padding first  \" style='border-radius:0px; '><section class=\"av_textblock_section \"  itemscope=\"itemscope\" itemtype=\"https:\/\/schema.org\/CreativeWork\" ><div class='avia_textblock  av_inherit_color '  style='color:#000000; '  itemprop=\"text\" ><h2><strong>TILBUD OM SERVICEAVTALE TIL V\u00c5RE KUNDER.<\/strong><\/h2>\n<p>Time Aluminium har egen service avdeling og har nylig styrket denne avdeling med 2 nye service biler.<br \/>\nVi p\u00e5tar oss service oppdrag eller tilbyr ordning med fast serviceavtale p\u00e5 aluminiums d\u00f8rer, skyved\u00f8rer, folded\u00f8rer, vinduer, fasader og glasstak.<\/p>\n<p>Vi anbefaler \u00e5rlig kontroll av alle brannd\u00f8rer, d\u00f8rer som er mye i bruk og d\u00f8rer med mye utstyr (el-styring mm.)<br \/>\nDette for \u00e5 ivareta god funksjonalitet, sikre lang levetid og at et eventuelt brannkrav bli ivaretatt.<\/p>\n<p>Under kontroll vil vi justere og sm\u00f8re d\u00f8ren. I tillegg vil vi kontrollere d\u00f8ren for andre feil og skader.<br \/>\nMed jevnlig kontroll og service vil en kunne ha en aluminiums d\u00f8r i flere 10 \u00e5r.<\/p>\n<p>For at garanti skal gjelde for brannd\u00f8rer og d\u00f8rer med stor trafikk m\u00e5 en ha en serviceavtale.<\/p>\n<p>V\u00e5re service avdeling er sv\u00e6rt fleksibel og kan ta spontane serviceoppdrag som:<\/p>\n<p><img loading=\"lazy\" decoding=\"async\" class=\"wp-image-1853 alignright\" src=\"https:\/\/time-as.no\/aluminium\/wp-content\/uploads\/sites\/3\/2023\/06\/20230609_142233-1030x518.jpg\" alt=\"\" width=\"709\" height=\"356\" srcset=\"https:\/\/time-as.no\/aluminium\/wp-content\/uploads\/sites\/3\/2023\/06\/20230609_142233-1030x518.jpg 1030w, https:\/\/time-as.no\/aluminium\/wp-content\/uploads\/sites\/3\/2023\/06\/20230609_142233-300x151.jpg 300w, https:\/\/time-as.no\/aluminium\/wp-content\/uploads\/sites\/3\/2023\/06\/20230609_142233-768x386.jpg 768w, https:\/\/time-as.no\/aluminium\/wp-content\/uploads\/sites\/3\/2023\/06\/20230609_142233-1500x755.jpg 1500w, https:\/\/time-as.no\/aluminium\/wp-content\/uploads\/sites\/3\/2023\/06\/20230609_142233-705x355.jpg 705w, https:\/\/time-as.no\/aluminium\/wp-content\/uploads\/sites\/3\/2023\/06\/20230609_142233-450x226.jpg 450w\" sizes=\"auto, (max-width: 709px) 100vw, 709px\" \/><\/p>\n<ul>\n<li>Bytte knust glass<\/li>\n<li>Reparere aluminiums d\u00f8rer med skade eller innbrudd<\/li>\n<li>\u00d8vrige skader eller feil p\u00e5 aluminiums vindu, fasader etc.<\/li>\n<li>Service av d\u00f8r, skyved\u00f8r og vindu m.m.<\/li>\n<\/ul>\n<p><img loading=\"lazy\" decoding=\"async\" class=\" wp-image-1158 alignleft\" src=\"https:\/\/time-as.no\/aluminium\/wp-content\/uploads\/sites\/3\/2019\/02\/Service.jpg\" alt=\"\" width=\"170\" height=\"227\" \/><\/p>\n<p><strong>Ta kontakt med oss for avtale om service:<\/strong><\/p>\n<p>e-post: <a href=\"mailto:service@time-as.no\">service@time-as.no<\/a><br \/>\n\u00d8yvind: 934 65 263<\/p>\n<p><strong>Direkte telefon service personell:<\/strong><br \/>\nEspen:\u00a0 \u00a0 \u00a0 \u00a0 970 14 054<br \/>\nRune:\u00a0 \u00a0 \u00a0 \u00a0 \u00a0468 13 249<br \/>\nGeir Arve:\u00a0 911 08 772<\/p>\n<\/div><\/section><\/div>\n","protected":false},"excerpt":{"rendered":"","protected":false},"author":4,"featured_media":0,"parent":0,"menu_order":0,"comment_status":"closed","ping_status":"closed","template":"","meta":{"footnotes":""},"class_list":["post-1129","page","type-page","status-publish","hentry"],"_links":{"self":[{"href":"https:\/\/time-as.no\/aluminium\/wp-json\/wp\/v2\/pages\/1129","targetHints":{"allow":["GET"]}}],"collection":[{"href":"https:\/\/time-as.no\/aluminium\/wp-json\/wp\/v2\/pages"}],"about":[{"href":"https:\/\/time-as.no\/aluminium\/wp-json\/wp\/v2\/types\/page"}],"author":[{"embeddable":true,"href":"https:\/\/time-as.no\/aluminium\/wp-json\/wp\/v2\/users\/4"}],"replies":[{"embeddable":true,"href":"https:\/\/time-as.no\/aluminium\/wp-json\/wp\/v2\/comments?post=1129"}],"version-history":[{"count":23,"href":"https:\/\/time-as.no\/aluminium\/wp-json\/wp\/v2\/pages\/1129\/revisions"}],"predecessor-version":[{"id":2203,"href":"https:\/\/time-as.no\/aluminium\/wp-json\/wp\/v2\/pages\/1129\/revisions\/2203"}],"wp:attachment":[{"href":"https:\/\/time-as.no\/aluminium\/wp-json\/wp\/v2\/media?parent=1129"}],"curies":[{"name":"wp","href":"https:\/\/api.w.org\/{rel}","templated":true}]}}