{"id":1492,"date":"2024-05-23T09:35:29","date_gmt":"2024-05-23T07:35:29","guid":{"rendered":"https:\/\/time-as.no\/aluminium\/?page_id=1492"},"modified":"2024-10-15T14:34:02","modified_gmt":"2024-10-15T12:34:02","slug":"miljofyrtarn","status":"publish","type":"page","link":"https:\/\/time-as.no\/aluminium\/miljofyrtarn\/","title":{"rendered":"Milj\u00f8fyrt\u00e5rn"},"content":{"rendered":"<\/div><\/div><\/div><!-- close content main div --><\/div><\/div><div id='av_section_1' class='avia-section main_color avia-section-default avia-no-border-styling av-parallax-section avia-bg-style-parallax    container_wrap fullsize'  data-section-bg-repeat='no-repeat' ><div class='av-parallax' data-avia-parallax-ratio='0.3' ><div class='av-parallax-inner main_color  avia-full-stretch' style = 'background-repeat: no-repeat; background-image: url(https:\/\/time-as.no\/aluminium\/wp-content\/uploads\/sites\/3\/2018\/08\/DSCN0124.jpg);background-attachment: scroll; background-position: center center; ' ><\/div><\/div><div class='container' ><div class='template-page content  av-content-full alpha units'><div class='post-entry post-entry-type-page post-entry-1492'><div class='entry-content-wrapper clearfix'>\n<div class=\"flex_column av_one_full  flex_column_div av-zero-column-padding first  \" style='border-radius:0px; '><div style='padding-bottom:10px; color:#ffffff;' class='av-special-heading av-special-heading-h1 custom-color-heading blockquote modern-quote   '><h1 class='av-special-heading-tag '  itemprop=\"headline\"  >Milj\u00f8fyrt\u00e5rn<\/h1><div class='special-heading-border'><div class='special-heading-inner-border' style='border-color:#ffffff'><\/div><\/div><\/div><\/div>\n\n<div class=\"flex_column av_one_fourth  flex_column_div av-zero-column-padding first  \" style='border-radius:0px; '><div class='avia-image-container  av-styling-     avia-align-center '  itemprop=\"ImageObject\" itemscope=\"itemscope\" itemtype=\"https:\/\/schema.org\/ImageObject\"  ><div class='avia-image-container-inner'><div class='avia-image-overlay-wrap'><img class='avia_image ' src='https:\/\/time-as.no\/aluminium\/wp-content\/uploads\/sites\/3\/2024\/05\/wp-wp-content_uploads_2017_06_Miljfyrtarn-norsk-farger-300x255.png' alt='' title='wp-wp-content_uploads_2017_06_Miljfyrtarn-norsk-farger' height=\"255\"width=\"300\"  itemprop=\"thumbnailUrl\"  \/><\/div><\/div><\/div><\/div><div class=\"flex_column av_one_half  flex_column_div av-zero-column-padding   \" style='border-radius:0px; '><section class=\"av_textblock_section \"  itemscope=\"itemscope\" itemtype=\"https:\/\/schema.org\/CreativeWork\" ><div class='avia_textblock  '   itemprop=\"text\" ><p>Vi er sertifisert som Milj\u00f8fyrt\u00e5rnbedrift.<\/p>\n<p>Som en norsk produksjonsbedrift, skal v\u00e5re kunder og leverand\u00f8rer v\u00e6re trygge p\u00e5 at vi tar<br \/>\nv\u00e5r del av milj\u00f8ansvaret. Og vil ivareta en b\u00e6rekraftig produksjon og levering av alle v\u00e5re produkter.<\/p>\n<p>Skulle du ha innspill eller sp\u00f8rsm\u00e5l i forbindelse med v\u00e5rt milj\u00f8arbeid,<br \/>\ns\u00e5 ta gjerne kontakt via kontaktskjema under.<\/p>\n<\/div><\/section><\/div><\/p>\n<div class=\"flex_column av_one_fourth  flex_column_div av-zero-column-padding   \" style='border-radius:0px; '><\/div>\n<div class=\"flex_column av_one_fourth  flex_column_div av-zero-column-padding first  \" style='border-radius:0px; '><\/div>\n<div class=\"flex_column av_two_fifth  flex_column_div av-zero-column-padding   \" style='border-radius:0px; '><form action=\"https:\/\/time-as.no\/aluminium\/miljofyrtarn\/\" method=\"post\"  class=\"avia_ajax_form av-form-labels-visible     \" data-avia-form-id=\"1\" data-avia-redirect=''><fieldset><h3>Milj\u00f8fyrt\u00e5rn tilbakemelding<\/h3><p class=' first_form  form_element form_fullwidth' id='element_avia_1_1'><label for=\"avia_1_1\">Navn <abbr class=\"required\" title=\"required\">*<\/abbr><\/label> <input name=\"avia_1_1\" class=\"text_input is_empty\" type=\"text\" id=\"avia_1_1\" value=\"\" \/><\/p><p class=' first_form  form_element form_fullwidth' id='element_avia_2_1'><label for=\"avia_2_1\">Din e-post adresse <abbr class=\"required\" title=\"required\">*<\/abbr><\/label> <input name=\"avia_2_1\" class=\"text_input is_email\" type=\"text\" id=\"avia_2_1\" value=\"\" \/><\/p><p class=' first_form  form_element form_fullwidth' id='element_avia_3_1'><label for=\"avia_3_1\">Emne <abbr class=\"required\" title=\"required\">*<\/abbr><\/label> <input name=\"avia_3_1\" class=\"text_input is_empty\" type=\"text\" id=\"avia_3_1\" value=\"\" \/><\/p><p class=' first_form  form_element form_fullwidth av-last-visible-form-element' id='element_avia_4_1'>\t <label for=\"avia_4_1\" class=\"textare_label hidden textare_label_avia_4_1\">Melding <abbr class=\"required\" title=\"required\">*<\/abbr><\/label>\t <textarea  name=\"avia_4_1\" class=\"text_area is_empty\" cols=\"40\" rows=\"7\" id=\"avia_4_1\" ><\/textarea><\/p><p class=\"hidden\"><input type=\"text\" name=\"avia_5_1\" class=\"hidden \" id=\"avia_5_1\" value=\"\" \/><\/p><p class=\"form_element \"><input type=\"hidden\" value=\"1\" name=\"avia_generated_form1\" \/><input type=\"submit\" value=\"Send\" class=\"button\"  data-sending-label=\"Sending\"\/><\/p><\/fieldset><\/form><div id=\"ajaxresponse_1\" class=\"ajaxresponse ajaxresponse_1 hidden\"><\/div><\/div>\n<div class=\"flex_column av_one_fourth  flex_column_div av-zero-column-padding   \" style='border-radius:0px; '><\/div>\n","protected":false},"excerpt":{"rendered":"","protected":false},"author":4,"featured_media":0,"parent":0,"menu_order":0,"comment_status":"closed","ping_status":"closed","template":"","meta":{"footnotes":""},"class_list":["post-1492","page","type-page","status-publish","hentry"],"_links":{"self":[{"href":"https:\/\/time-as.no\/aluminium\/wp-json\/wp\/v2\/pages\/1492","targetHints":{"allow":["GET"]}}],"collection":[{"href":"https:\/\/time-as.no\/aluminium\/wp-json\/wp\/v2\/pages"}],"about":[{"href":"https:\/\/time-as.no\/aluminium\/wp-json\/wp\/v2\/types\/page"}],"author":[{"embeddable":true,"href":"https:\/\/time-as.no\/aluminium\/wp-json\/wp\/v2\/users\/4"}],"replies":[{"embeddable":true,"href":"https:\/\/time-as.no\/aluminium\/wp-json\/wp\/v2\/comments?post=1492"}],"version-history":[{"count":8,"href":"https:\/\/time-as.no\/aluminium\/wp-json\/wp\/v2\/pages\/1492\/revisions"}],"predecessor-version":[{"id":2078,"href":"https:\/\/time-as.no\/aluminium\/wp-json\/wp\/v2\/pages\/1492\/revisions\/2078"}],"wp:attachment":[{"href":"https:\/\/time-as.no\/aluminium\/wp-json\/wp\/v2\/media?parent=1492"}],"curies":[{"name":"wp","href":"https:\/\/api.w.org\/{rel}","templated":true}]}}