{"id":1821,"date":"2023-06-07T09:18:22","date_gmt":"2023-06-07T07:18:22","guid":{"rendered":"https:\/\/time-as.no\/aluminium\/?page_id=1821"},"modified":"2023-06-07T09:19:46","modified_gmt":"2023-06-07T07:19:46","slug":"1821-2","status":"publish","type":"page","link":"https:\/\/time-as.no\/aluminium\/1821-2\/","title":{"rendered":"\u00c5penhetsloven"},"content":{"rendered":"<\/div><\/div><\/div><!-- close content main div --><\/div><\/div><div id='av_section_1' class='avia-section main_color avia-section-default avia-no-border-styling av-parallax-section avia-bg-style-parallax    container_wrap fullsize'  data-section-bg-repeat='no-repeat' ><div class='av-parallax' data-avia-parallax-ratio='0.3' ><div class='av-parallax-inner main_color  avia-full-stretch' style = 'background-repeat: no-repeat; background-image: url(https:\/\/time-as.no\/aluminium\/wp-content\/uploads\/sites\/3\/2018\/08\/DSCN0124-1500x630.jpg);background-attachment: scroll; background-position: center center; ' ><\/div><\/div><div class='container' ><div class='template-page content  av-content-full alpha units'><div class='post-entry post-entry-type-page post-entry-1821'><div class='entry-content-wrapper clearfix'>\n<div class=\"flex_column av_one_full  flex_column_div av-zero-column-padding first  \" style='border-radius:0px; '><div style='padding-bottom:10px; color:#ffffff;' class='av-special-heading av-special-heading-h1 custom-color-heading blockquote modern-quote   '><h1 class='av-special-heading-tag '  itemprop=\"headline\"  >\u00c5PENHETSLOVEN<\/h1><div class='special-heading-border'><div class='special-heading-inner-border' style='border-color:#ffffff'><\/div><\/div><\/div><\/div><div class=\"flex_column av_one_full  flex_column_div av-zero-column-padding first  \" style='border-radius:0px; '><section class=\"av_textblock_section \"  itemscope=\"itemscope\" itemtype=\"https:\/\/schema.org\/CreativeWork\" ><div class='avia_textblock  '   itemprop=\"text\" ><h2>\u00c5penhetsloven<\/h2>\n<p>Time Aluminium produserer og monterer d\u00f8rer og vindu i aluminium.<br \/>\nDet er viktig for oss at v\u00e5re produkter ikke skader planeten og menneskene som bor p\u00e5 den.<\/p>\n<p><strong><u>B\u00e6rekraftig forretningspraksis:<\/u><\/strong><\/p>\n<p>Vi produserer selv de produkter vi monterer og har fokus p\u00e5 \u00e5 benytte norske leverand\u00f8rer til leveranser av r\u00e5varer.<br \/>\nDette er forankret i hele organisasjonen. For \u00e5 sikre at varer og tjenester er iht. regelvert forholder vi oss til kjente faste leverand\u00f8rer.<\/p>\n<p>Time Aluminium benytter det anerkjente sapa systemet til produksjon.<br \/>\nSapaHydro leverer tiln\u00e6rmet alle n\u00f8dvendige deler til produkter bortsett fra glass som i hovedsak leveres av Pilkington og CG-glass.<\/p>\n<p>Vi har f\u00e5tt bekreftet at deres virksomheter og underleverand\u00f8rer ikke har brudd p\u00e5 menneskerettigheter.<\/p>\n<p>I styret og ut i organisasjonen er det forankret at om nye leverand\u00f8rer er aktuelle s\u00e5 vil vi f\u00f8rst sjekke at de forholder seg til \u00e5penhetsloven samt \u00f8vrig lovverk.<\/p>\n<p>Vi vil forsikre v\u00e5re kunder om at produkter levert og montert av Time Aluminium er produsert og montert p\u00e5 en slik m\u00e5te at mennesker og milj\u00f8 blir tatt vare p\u00e5.<\/p>\n<p><strong><u>Aktsomhetsvurdering: <\/u><\/strong><\/p>\n<p>Det er viktig for Time Aluminium at en kan v\u00e6re sikker p\u00e5 at egen virksomhet og v\u00e5re leverand\u00f8rer driver sin virksomhet uten at dette g\u00e5r p\u00e5 bekostning av grunnleggende menneskerettigheter og anstendige arbeidsforhold.<\/p>\n<p>Vi vil i all hovedsak fortsatt forholde oss til norske leverand\u00f8rer for da lettere \u00e5 gjennomf\u00f8re aktsomhets vurderinger.<br \/>\nHar ogs\u00e5 s\u00e5 f\u00e5 leverand\u00f8rer som mulig for \u00e5 lettere ha en oversikt.<\/p>\n<p>Aktsomhetsvurderinger skjer fortl\u00f8pende. Dersom en f\u00e5r mistanke om brudd p\u00e5 regelverk, vil leverand\u00f8r bli kontaktet.<br \/>\nVi vil s\u00e5 vurdere hva som er og blir gjort. Dersom det er brudd som ikke blir rettet opp vil vi m\u00e5tte se etter en annen leverand\u00f8r.<\/p>\n<h3><\/h3>\n<h3><\/h3>\n<h3><\/h3>\n<h3><\/h3>\n<h3><\/h3>\n<h3><\/h3>\n<h3><\/h3>\n<h3><\/h3>\n<p><img loading=\"lazy\" decoding=\"async\" class=\"wp-image-1830 alignnone\" src=\"https:\/\/time-as.no\/aluminium\/wp-content\/uploads\/sites\/3\/2023\/06\/Aluminium-logo-1.png\" alt=\"\" width=\"100\" height=\"45\" srcset=\"https:\/\/time-as.no\/aluminium\/wp-content\/uploads\/sites\/3\/2023\/06\/Aluminium-logo-1.png 1012w, https:\/\/time-as.no\/aluminium\/wp-content\/uploads\/sites\/3\/2023\/06\/Aluminium-logo-1-300x136.png 300w, https:\/\/time-as.no\/aluminium\/wp-content\/uploads\/sites\/3\/2023\/06\/Aluminium-logo-1-768x348.png 768w, https:\/\/time-as.no\/aluminium\/wp-content\/uploads\/sites\/3\/2023\/06\/Aluminium-logo-1-705x319.png 705w, https:\/\/time-as.no\/aluminium\/wp-content\/uploads\/sites\/3\/2023\/06\/Aluminium-logo-1-450x204.png 450w\" sizes=\"auto, (max-width: 100px) 100vw, 100px\" \/><\/p>\n<h3><\/h3>\n<h3>PRODUSENT AV ALUMINIUMSD\u00d8RER OG VINDUER SIDEN 1980<\/h3>\n<\/div><\/section><br \/>\n<\/p><\/div><\/p>\n","protected":false},"excerpt":{"rendered":"","protected":false},"author":4,"featured_media":0,"parent":0,"menu_order":0,"comment_status":"closed","ping_status":"closed","template":"","meta":{"footnotes":""},"class_list":["post-1821","page","type-page","status-publish","hentry"],"_links":{"self":[{"href":"https:\/\/time-as.no\/aluminium\/wp-json\/wp\/v2\/pages\/1821","targetHints":{"allow":["GET"]}}],"collection":[{"href":"https:\/\/time-as.no\/aluminium\/wp-json\/wp\/v2\/pages"}],"about":[{"href":"https:\/\/time-as.no\/aluminium\/wp-json\/wp\/v2\/types\/page"}],"author":[{"embeddable":true,"href":"https:\/\/time-as.no\/aluminium\/wp-json\/wp\/v2\/users\/4"}],"replies":[{"embeddable":true,"href":"https:\/\/time-as.no\/aluminium\/wp-json\/wp\/v2\/comments?post=1821"}],"version-history":[{"count":12,"href":"https:\/\/time-as.no\/aluminium\/wp-json\/wp\/v2\/pages\/1821\/revisions"}],"predecessor-version":[{"id":2055,"href":"https:\/\/time-as.no\/aluminium\/wp-json\/wp\/v2\/pages\/1821\/revisions\/2055"}],"wp:attachment":[{"href":"https:\/\/time-as.no\/aluminium\/wp-json\/wp\/v2\/media?parent=1821"}],"curies":[{"name":"wp","href":"https:\/\/api.w.org\/{rel}","templated":true}]}}