{"id":126,"date":"2018-06-11T10:50:54","date_gmt":"2018-06-11T08:50:54","guid":{"rendered":"https:\/\/time-as.no\/aluminium\/?post_type=product&#038;p=126"},"modified":"2018-06-14T14:27:37","modified_gmt":"2018-06-14T12:27:37","slug":"systemvegg-ti100-hp","status":"publish","type":"product","link":"https:\/\/time-as.no\/aluminium\/products\/systemvegg-ti100-hp\/","title":{"rendered":"Systemvegg Ti100 HP"},"content":{"rendered":"<\/div><\/div><\/div><!-- close content main div --><\/div><\/div><div id='av_section_1' class='avia-section main_color avia-section-default avia-no-border-styling av-parallax-section avia-bg-style-parallax    container_wrap fullsize'  data-section-bg-repeat='no-repeat' ><div class='av-parallax' data-avia-parallax-ratio='0.3' ><div class='av-parallax-inner main_color  avia-full-stretch' style = 'background-repeat: no-repeat; background-image: url(https:\/\/time-as.no\/aluminium\/wp-content\/uploads\/sites\/3\/2018\/06\/Sola-airport.jpg);background-attachment: scroll; background-position: center center; ' ><\/div><\/div><div class='container' ><div class='template-page content  av-content-full alpha units'><div class='post-entry post-entry-type-page post-entry-126'><div class='entry-content-wrapper clearfix'>\n<div class=\"flex_column av_one_full  flex_column_div av-zero-column-padding first  \" style='border-radius:0px; '><div style='padding-bottom:10px; color:#ffffff;' class='av-special-heading av-special-heading-h1 custom-color-heading blockquote modern-quote   '><h1 class='av-special-heading-tag '  itemprop=\"headline\"  >Systemvegg Ti100 HP<\/h1><div class ='av-subheading av-subheading_below av_custom_color ' style='font-size:15px;'><p>Eventuell undertittel her<\/p>\n<\/div><div class='special-heading-border'><div class='special-heading-inner-border' style='border-color:#ffffff'><\/div><\/div><\/div><\/div>\n\n<div class=\"flex_column av_two_third  flex_column_div av-zero-column-padding first  \" style='border-radius:0px; '><section class=\"av_textblock_section \"  itemscope=\"itemscope\" itemtype=\"https:\/\/schema.org\/CreativeWork\" ><div class='avia_textblock  '   itemprop=\"text\" ><p><strong>Systemvegg Ti100 HP<\/strong> (hatteprofil) tett vegg med synlig vertikal profiler, alt i samme farge std. NCS S 0500 N.<\/p>\n<p>Systemveggen gir mulighet for oppheng av hyller og kroker. Systemet gir ogs\u00e5 mulighet for integrert glassfelt og d\u00f8rfelt. Systemveggen er modulert i cc 900 mm. og kan enkelt demonteres og remonteres. Kan leveres i h\u00f8yde opp til 5000 mm.Lydkrav se <em><a href=\"http:\/\/www.time-as.no\/interior\/lydfakta\">Lydfakta.<\/a><\/em><\/p>\n<\/div><\/section><\/div>\n<div class=\"flex_column av_one_third  flex_column_div av-zero-column-padding   \" style='border-radius:0px; '><div  data-autoplay='1'  data-interval='5'  data-animation='fade'  data-hoverpause='1'  class='avia-testimonial-wrapper avia-grid-testimonials avia-grid-1-testimonials avia_animate_when_almost_visible  av-minimal-grid-style av-boxed-grid-style '>\n<section class ='avia-testimonial-row'><div class='avia-testimonial av_one_full flex_column no_margin avia-testimonial-row-1 avia-first-testimonialavia-last-testimonial'  itemscope=\"itemscope\" itemtype=\"https:\/\/schema.org\/Person\" ><div class='avia-testimonial_inner'><div class='avia-testimonial-content '    itemscope=\"itemscope\" itemtype=\"https:\/\/schema.org\/CreativeWork\" ><p>Lorem ipsum dolor sit amet, consectetur adipiscing elit. Sed tempor placerat nisl in cursus. Fusce sed mi pulvinar, scelerisque ipsum vitae, facilisis eros.<\/p>\n<\/div><div class='avia-testimonial-meta'><div class='avia-testimonial-arrow-wrap'><div class='avia-arrow'><\/div><\/div><div class='avia-testimonial-image'  itemprop=\"image\"  ><\/div><div class='avia-testimonial-meta-mini'><strong  class='avia-testimonial-name'    itemprop=\"name\" >Ola Nordmann<\/strong><span  class='avia-testimonial-subtitle '    itemprop=\"jobTitle\" >CEO Fjell Industri<\/span><span class='hidden avia-testimonial-markup-link'   itemprop=\"url\" >http:\/\/#<\/span> &ndash; <a class='aviablank avia-testimonial-link' href='http:\/\/#' >Fjell Industri<\/a><\/div><\/div><\/div><\/div><\/section>\n<\/div><\/div>\n\n","protected":false},"excerpt":{"rendered":"<p>Systemvegg Ti100 HP (hatteprofil) tett vegg med synlig vertikal profiler, alt i samme farge std. NCS S 0500 N.<\/p>\n","protected":false},"featured_media":0,"parent":0,"menu_order":0,"template":"","productcategory":[8],"class_list":["post-126","product","type-product","status-publish","hentry","productcategory-systemvegg"],"_links":{"self":[{"href":"https:\/\/time-as.no\/aluminium\/wp-json\/wp\/v2\/product\/126","targetHints":{"allow":["GET"]}}],"collection":[{"href":"https:\/\/time-as.no\/aluminium\/wp-json\/wp\/v2\/product"}],"about":[{"href":"https:\/\/time-as.no\/aluminium\/wp-json\/wp\/v2\/types\/product"}],"version-history":[{"count":5,"href":"https:\/\/time-as.no\/aluminium\/wp-json\/wp\/v2\/product\/126\/revisions"}],"predecessor-version":[{"id":550,"href":"https:\/\/time-as.no\/aluminium\/wp-json\/wp\/v2\/product\/126\/revisions\/550"}],"wp:attachment":[{"href":"https:\/\/time-as.no\/aluminium\/wp-json\/wp\/v2\/media?parent=126"}],"wp:term":[{"taxonomy":"productcategory","embeddable":true,"href":"https:\/\/time-as.no\/aluminium\/wp-json\/wp\/v2\/productcategory?post=126"}],"curies":[{"name":"wp","href":"https:\/\/api.w.org\/{rel}","templated":true}]}}