{"id":59,"date":"2018-06-06T07:34:54","date_gmt":"2018-06-06T05:34:54","guid":{"rendered":"https:\/\/time-as.no\/interior\/?page_id=59"},"modified":"2024-09-23T11:20:28","modified_gmt":"2024-09-23T09:20:28","slug":"om-time-interior","status":"publish","type":"page","link":"https:\/\/time-as.no\/interior\/om-time-interior\/","title":{"rendered":"Om Time Interi\u00f8r"},"content":{"rendered":"<\/div><\/div><\/div><!-- close content main div --><\/div><\/div><div id='av_section_1' class='avia-section main_color avia-section-small avia-no-border-styling avia-bg-style-scroll    container_wrap fullsize' style = 'background-color: #026c3d; background-image: '  ><div class='container' ><div class='template-page content  av-content-full alpha units'><div class='post-entry post-entry-type-page post-entry-59'><div class='entry-content-wrapper clearfix'>\n<div style='padding-bottom:0px; color:#ffffff;' class='av-special-heading av-special-heading-h1 custom-color-heading blockquote modern-quote   '><h1 class='av-special-heading-tag '  itemprop=\"headline\"  >Om oss<\/h1><div class='special-heading-border'><div class='special-heading-inner-border' style='border-color:#ffffff'><\/div><\/div><\/div>\n\n<div class=\"flex_column av_one_fifth  flex_column_div av-zero-column-padding first  \" style='border-radius:0px; '><\/div>\n<div class=\"flex_column av_three_fifth  flex_column_div av-zero-column-padding   \" style='border-radius:0px; '><section class=\"av_textblock_section \"  itemscope=\"itemscope\" itemtype=\"https:\/\/schema.org\/CreativeWork\" ><div class='avia_textblock  '   itemprop=\"text\" ><p><strong>TIME INTERI\u00d8R AS<\/strong>\u00a0er en av landets st\u00f8rste produsenter av glassvegger og systemvegger.\u00a0Vi har ca. 3000 m2 lager og produksjonslokaler med store romslige uteomr\u00e5der p\u00e5 Ganddal i Sandnes kommune.<\/p>\n<\/div><\/section><\/div>\n<div class=\"flex_column av_one_fifth  flex_column_div av-zero-column-padding   \" style='border-radius:0px; '><\/div>\n<\/div><\/div><\/div><!-- close content main div --><\/div><\/div><div id='av-layout-grid-1' class='av-layout-grid-container entry-content-wrapper main_color av-flex-cells    container_wrap fullsize'   >\n<div class=\"flex_cell no_margin av_one_half    \" style='background: #026c3c; vertical-align:top; padding:5%; background-color:#026c3c; '><div class='flex_cell_inner' ><section class=\"av_textblock_section \"  itemscope=\"itemscope\" itemtype=\"https:\/\/schema.org\/CreativeWork\" ><div class='avia_textblock  av_inherit_color '  style='color:#ffffff; '  itemprop=\"text\" ><p>Time Interi\u00f8r AS er en del av Time gruppen med lokale eiere.<\/p>\n<p>Bedriften har gjennom en \u00e5rrekke v\u00e6rt med p\u00e5 \u00e5 utvikle innvendige glassvegger og systemvegger for n\u00e6ring og offentlige bygg. Alle v\u00e5re veggtyper kan produseres p\u00e5 spesialm\u00e5l i \u00f8nsket utforming.<\/p>\n<p>Det er blitt utf\u00f8rt lydtester p\u00e5 modulene i samarbeid med Sinus AS som er et r\u00e5dgivende firma innen akustikk, st\u00f8y og vibrasjoner.<a href=\"http:\/\/www.time-as.no\/interior\/lydfakta\">Lydfakta<\/a>.<\/p>\n<p>Time Interi\u00f8r AS har brannklassifisert glassvegg til de aller fleste brannkrav.<\/p>\n<\/div><\/section>\n<\/div><\/div><div class=\"flex_cell no_margin av_one_half    \" style='background:url(https:\/\/time-as.no\/interior\/wp-content\/uploads\/sites\/2\/2018\/06\/TI5060-eik-med-ramme-d\u00f8rblad-i-full-h\u00f8yde-1030x525.png) center center no-repeat scroll; vertical-align:top; padding:30px; '><div class='flex_cell_inner' ><div style='height:100px' class='hr hr-invisible   '><span class='hr-inner ' ><span class='hr-inner-style'><\/span><\/span><\/div>\n<\/div><\/div>\n<\/div>\n<\/div><\/div><\/div><!-- close content main div --><\/div><\/div><div id='av-layout-grid-2' class='av-layout-grid-container entry-content-wrapper main_color av-flex-cells    container_wrap fullsize'   >\n<div class=\"flex_cell no_margin av_one_half    \" style='background:url(https:\/\/time-as.no\/interior\/wp-content\/uploads\/sites\/2\/2018\/06\/TI5050-m\u00f8rk-gr\u00e5-med-ramme-d\u00f8rblad-og-overlys-1030x525.png) center center no-repeat scroll; vertical-align:top; padding:30px; '><div class='flex_cell_inner' ><\/div><\/div><div class=\"flex_cell no_margin av_one_half    \" style='vertical-align:top; padding:5%; '><div class='flex_cell_inner' ><section class=\"av_textblock_section \"  itemscope=\"itemscope\" itemtype=\"https:\/\/schema.org\/CreativeWork\" ><div class='avia_textblock  '   itemprop=\"text\" ><p>Glassveggene kan leveres i finer, heiltre, hvit, malt og helglass med alu.profil utf\u00f8relse. Time Interi\u00f8r har til enhver tid p\u00e5 lager karmprofiler i b\u00f8k, bj\u00f8rk, eik, kirseb\u00e6r og hvit utf\u00f8relse. Glassvegger som \u00f8nskes malt, bearbeides i egen lakkavdeling.<\/p>\n<p>Time Interi\u00f8r AS leverer ogs\u00e5 en egenutviklet helglassvegg Ti5060 med aluminiumsprofil i tak og gulv uten vertikal inndeling. D\u00f8rfelt med glassd\u00f8rblad og malt eller aluminiumskarm.<\/p>\n<p>Vi har folieanlegg som duklegger systemgips og stort lager av systemst\u00e5l hvor leveringstiden er kort.<\/p>\n<p>Spesialinnredninger har v\u00e6rt Time Interi\u00f8r AS sin spesialitet i alle \u00e5r. Vi produserer alt fra skranker, reoler, foringer, lister, spilevegger, skyveluker, etc.<\/p>\n<p>Kvalitet, allsidighet og stor grad av fleksibilitet skal v\u00e6re v\u00e5r st\u00f8rste styrke.<\/p>\n<\/div><\/section>\n<\/div><\/div><\/div>\n","protected":false},"excerpt":{"rendered":"","protected":false},"author":1,"featured_media":0,"parent":0,"menu_order":4,"comment_status":"closed","ping_status":"closed","template":"","meta":{"footnotes":""},"class_list":["post-59","page","type-page","status-publish","hentry"],"_links":{"self":[{"href":"https:\/\/time-as.no\/interior\/wp-json\/wp\/v2\/pages\/59","targetHints":{"allow":["GET"]}}],"collection":[{"href":"https:\/\/time-as.no\/interior\/wp-json\/wp\/v2\/pages"}],"about":[{"href":"https:\/\/time-as.no\/interior\/wp-json\/wp\/v2\/types\/page"}],"author":[{"embeddable":true,"href":"https:\/\/time-as.no\/interior\/wp-json\/wp\/v2\/users\/1"}],"replies":[{"embeddable":true,"href":"https:\/\/time-as.no\/interior\/wp-json\/wp\/v2\/comments?post=59"}],"version-history":[{"count":25,"href":"https:\/\/time-as.no\/interior\/wp-json\/wp\/v2\/pages\/59\/revisions"}],"predecessor-version":[{"id":4507,"href":"https:\/\/time-as.no\/interior\/wp-json\/wp\/v2\/pages\/59\/revisions\/4507"}],"wp:attachment":[{"href":"https:\/\/time-as.no\/interior\/wp-json\/wp\/v2\/media?parent=59"}],"curies":[{"name":"wp","href":"https:\/\/api.w.org\/{rel}","templated":true}]}}