{"id":2968,"date":"2018-11-14T12:25:58","date_gmt":"2018-11-14T11:25:58","guid":{"rendered":"https:\/\/time-as.no\/interior\/?post_type=product&#038;p=2968"},"modified":"2019-11-15T08:04:25","modified_gmt":"2019-11-15T07:04:25","slug":"dorvarianter","status":"publish","type":"product","link":"https:\/\/time-as.no\/interior\/products\/dorvarianter\/","title":{"rendered":"D\u00f8rvarianter"},"content":{"rendered":"<\/div><\/div><\/div><!-- close content main div --><\/div><\/div><div id='av_section_1' class='avia-section main_color avia-section-small avia-no-border-styling avia-bg-style-scroll    container_wrap fullsize' style = 'background-color: #026c3d; background-image: '  ><div class='container' ><div class='template-page content  av-content-full alpha units'><div class='post-entry post-entry-type-page post-entry-2968'><div class='entry-content-wrapper clearfix'>\n<div class=\"flex_column av_one_full  flex_column_div av-zero-column-padding first  \" style='border-radius:0px; '><div style='padding-bottom:0px; color:#ffffff;' class='av-special-heading av-special-heading-h1 custom-color-heading blockquote modern-quote   '><h1 class='av-special-heading-tag '  itemprop=\"headline\"  >D\u00f8rvarianter<\/h1><div class='special-heading-border'><div class='special-heading-inner-border' style='border-color:#ffffff'><\/div><\/div><\/div><\/div>\n\n<div class=\"flex_column av_two_third  flex_column_div av-zero-column-padding first  \" style='border-radius:0px; '><section class=\"av_textblock_section \"  itemscope=\"itemscope\" itemtype=\"https:\/\/schema.org\/CreativeWork\" ><div class='avia_textblock  '   itemprop=\"text\" ><p>Her er et utvalg av forskjellige varianter av d\u00f8rer vi leverer.<\/p>\n<\/div><\/section><\/div>\n<div class=\"flex_column av_two_third  flex_column_div av-zero-column-padding first  \" style='border-radius:0px; '><div class='avia-image-container  av-styling-     avia-align-center '  itemprop=\"ImageObject\" itemscope=\"itemscope\" itemtype=\"https:\/\/schema.org\/ImageObject\"  ><div class='avia-image-container-inner'><div class='avia-image-overlay-wrap'><img class='avia_image ' src='https:\/\/time-as.no\/interior\/wp-content\/uploads\/sites\/2\/2018\/11\/D\u00f8rvarianter.png' alt='' title='D\u00f8rvarianter' height=\"1080\"width=\"1920\"  itemprop=\"thumbnailUrl\"  \/><\/div><\/div><\/div><\/div>\n<div class=\"flex_column av_one_third  flex_column_div av-zero-column-padding   \" style='border-radius:0px; '><section class=\"av_textblock_section \"  itemscope=\"itemscope\" itemtype=\"https:\/\/schema.org\/CreativeWork\" ><div class='avia_textblock  '   itemprop=\"text\" ><\/div><\/section><\/div>\n<div id='av-masonry-1' class='av-masonry  noHover av-fixed-size av-1px-gap av-hover-overlay-active av-masonry-col-4 av-caption-on-hover av-caption-style-overlay av-masonry-gallery     '  ><div class='av-masonry-container isotope av-js-disabled ' ><div class='av-masonry-entry isotope-item av-masonry-item-no-image '><\/div><a href=\"https:\/\/time-as.no\/interior\/wp-content\/uploads\/sites\/2\/2018\/11\/D\u00f8rvarianter1-1030x579.png\" id='av-masonry-1-item-3162' data-av-masonry-item='3162' class='av-masonry-entry isotope-item post-3162 attachment type-attachment status-inherit hentry  av-masonry-item-with-image' title=\"Glassd\u00f8rblad\"  itemprop=\"thumbnailUrl\" ><div class='av-inner-masonry-sizer'><\/div><figure class='av-inner-masonry main_color'><div class=\"av-masonry-outerimage-container\"><div class=\"av-masonry-image-container\" style=\"background-image: url(https:\/\/time-as.no\/interior\/wp-content\/uploads\/sites\/2\/2018\/11\/D\u00f8rvarianter1-705x397.png);\"><\/div><\/div><figcaption class='av-inner-masonry-content site-background'><div class='av-inner-masonry-content-pos'><div class='av-inner-masonry-content-pos-content'><div class='avia-arrow'><\/div><div class='av-masonry-entry-content entry-content'  itemprop=\"text\" >Glassd\u00f8rblad<\/div><\/div><\/div><\/figcaption><\/figure><\/a><!--end av-masonry entry--><a href=\"https:\/\/time-as.no\/interior\/wp-content\/uploads\/sites\/2\/2018\/11\/D\u00f8rvarianter2-1030x579.png\" id='av-masonry-1-item-3163' data-av-masonry-item='3163' class='av-masonry-entry isotope-item post-3163 attachment type-attachment status-inherit hentry  av-masonry-item-with-image' title=\"Tett d\u00f8r med tett overfelt\"  itemprop=\"thumbnailUrl\" ><div class='av-inner-masonry-sizer'><\/div><figure class='av-inner-masonry main_color'><div class=\"av-masonry-outerimage-container\"><div class=\"av-masonry-image-container\" style=\"background-image: url(https:\/\/time-as.no\/interior\/wp-content\/uploads\/sites\/2\/2018\/11\/D\u00f8rvarianter2-705x397.png);\"><\/div><\/div><figcaption class='av-inner-masonry-content site-background'><div class='av-inner-masonry-content-pos'><div class='av-inner-masonry-content-pos-content'><div class='avia-arrow'><\/div><div class='av-masonry-entry-content entry-content'  itemprop=\"text\" >Tett d\u00f8r med tett overfelt<\/div><\/div><\/div><\/figcaption><\/figure><\/a><!--end av-masonry entry--><a href=\"https:\/\/time-as.no\/interior\/wp-content\/uploads\/sites\/2\/2018\/11\/TI5060-alu.natur-med-skyved\u00f8r-1-1-1030x525.png\" id='av-masonry-1-item-3562' data-av-masonry-item='3562' class='av-masonry-entry isotope-item post-3562 attachment type-attachment status-inherit hentry  av-masonry-item-with-image' title=\"TI5060 alu.natur med skyved\u00f8r\"  itemprop=\"thumbnailUrl\" ><div class='av-inner-masonry-sizer'><\/div><figure class='av-inner-masonry main_color'><div class=\"av-masonry-outerimage-container\"><div class=\"av-masonry-image-container\" style=\"background-image: url(https:\/\/time-as.no\/interior\/wp-content\/uploads\/sites\/2\/2018\/11\/TI5060-alu.natur-med-skyved\u00f8r-1-1-705x359.png);\"><\/div><\/div><figcaption class='av-inner-masonry-content site-background'><div class='av-inner-masonry-content-pos'><div class='av-inner-masonry-content-pos-content'><div class='avia-arrow'><\/div><div class='av-masonry-entry-content entry-content'  itemprop=\"text\" >TI5060 alu.natur med skyved\u00f8r<\/div><\/div><\/div><\/figcaption><\/figure><\/a><!--end av-masonry entry--><a href=\"https:\/\/time-as.no\/interior\/wp-content\/uploads\/sites\/2\/2018\/11\/TI5010-gr\u00e5-med-skyved\u00f8r-og-tett-under-losholt-1030x579.png\" id='av-masonry-1-item-3561' data-av-masonry-item='3561' class='av-masonry-entry isotope-item post-3561 attachment type-attachment status-inherit hentry  av-masonry-item-with-image' title=\"TI5010 gr\u00e5 med skyved\u00f8r og tett under losholt\"  itemprop=\"thumbnailUrl\" ><div class='av-inner-masonry-sizer'><\/div><figure class='av-inner-masonry main_color'><div class=\"av-masonry-outerimage-container\"><div class=\"av-masonry-image-container\" style=\"background-image: url(https:\/\/time-as.no\/interior\/wp-content\/uploads\/sites\/2\/2018\/11\/TI5010-gr\u00e5-med-skyved\u00f8r-og-tett-under-losholt-705x397.png);\"><\/div><\/div><figcaption class='av-inner-masonry-content site-background'><div class='av-inner-masonry-content-pos'><div class='av-inner-masonry-content-pos-content'><div class='avia-arrow'><\/div><div class='av-masonry-entry-content entry-content'  itemprop=\"text\" >TI5010 gr\u00e5 med skyved\u00f8r og tett under losholt<\/div><\/div><\/div><\/figcaption><\/figure><\/a><!--end av-masonry entry--><a href=\"https:\/\/time-as.no\/interior\/wp-content\/uploads\/sites\/2\/2018\/11\/TI5040-m\u00f8rk-gr\u00e5-2090-med-skyved\u00f8r-1030x579.png\" id='av-masonry-1-item-3560' data-av-masonry-item='3560' class='av-masonry-entry isotope-item post-3560 attachment type-attachment status-inherit hentry  av-masonry-item-with-image' title=\"TI5040 m\u00f8rk gr\u00e5 2090 med skyved\u00f8r\"  itemprop=\"thumbnailUrl\" ><div class='av-inner-masonry-sizer'><\/div><figure class='av-inner-masonry main_color'><div class=\"av-masonry-outerimage-container\"><div class=\"av-masonry-image-container\" style=\"background-image: url(https:\/\/time-as.no\/interior\/wp-content\/uploads\/sites\/2\/2018\/11\/TI5040-m\u00f8rk-gr\u00e5-2090-med-skyved\u00f8r-705x397.png);\"><\/div><\/div><figcaption class='av-inner-masonry-content site-background'><div class='av-inner-masonry-content-pos'><div class='av-inner-masonry-content-pos-content'><div class='avia-arrow'><\/div><div class='av-masonry-entry-content entry-content'  itemprop=\"text\" >TI5040 m\u00f8rk gr\u00e5 2090 med skyved\u00f8r<\/div><\/div><\/div><\/figcaption><\/figure><\/a><!--end av-masonry entry--><\/div><\/div>\n","protected":false},"excerpt":{"rendered":"<p>Eksempler p\u00e5 forskjellige d\u00f8rbladtyper<\/p>\n","protected":false},"featured_media":3188,"parent":0,"menu_order":9,"template":"","productcategory":[7],"class_list":["post-2968","product","type-product","status-publish","has-post-thumbnail","hentry","productcategory-glassvegg"],"_links":{"self":[{"href":"https:\/\/time-as.no\/interior\/wp-json\/wp\/v2\/product\/2968","targetHints":{"allow":["GET"]}}],"collection":[{"href":"https:\/\/time-as.no\/interior\/wp-json\/wp\/v2\/product"}],"about":[{"href":"https:\/\/time-as.no\/interior\/wp-json\/wp\/v2\/types\/product"}],"version-history":[{"count":12,"href":"https:\/\/time-as.no\/interior\/wp-json\/wp\/v2\/product\/2968\/revisions"}],"predecessor-version":[{"id":3565,"href":"https:\/\/time-as.no\/interior\/wp-json\/wp\/v2\/product\/2968\/revisions\/3565"}],"wp:featuredmedia":[{"embeddable":true,"href":"https:\/\/time-as.no\/interior\/wp-json\/wp\/v2\/media\/3188"}],"wp:attachment":[{"href":"https:\/\/time-as.no\/interior\/wp-json\/wp\/v2\/media?parent=2968"}],"wp:term":[{"taxonomy":"productcategory","embeddable":true,"href":"https:\/\/time-as.no\/interior\/wp-json\/wp\/v2\/productcategory?post=2968"}],"curies":[{"name":"wp","href":"https:\/\/api.w.org\/{rel}","templated":true}]}}