{"id":698,"date":"2018-06-27T15:02:46","date_gmt":"2018-06-27T13:02:46","guid":{"rendered":"https:\/\/time-as.no\/interior\/?post_type=product&#038;p=698"},"modified":"2018-10-09T13:44:02","modified_gmt":"2018-10-09T11:44:02","slug":"detaljer","status":"publish","type":"product","link":"https:\/\/time-as.no\/interior\/products\/detaljer\/","title":{"rendered":"Detaljer"},"content":{"rendered":"<\/div><\/div><\/div><!-- close content main div --><\/div><\/div><div id='av_section_1' class='avia-section main_color avia-section-default avia-no-border-styling av-parallax-section avia-bg-style-parallax    container_wrap fullsize'  data-section-bg-repeat='no-repeat' ><div class='av-parallax' data-avia-parallax-ratio='0.3' ><div class='av-parallax-inner main_color  avia-full-stretch' style = 'background-repeat: no-repeat; background-image: url(https:\/\/time-as.no\/interior\/wp-content\/uploads\/sites\/2\/2018\/06\/Sola-airport.jpg);background-attachment: scroll; background-position: center center; ' ><\/div><\/div><div class='container' ><div class='template-page content  av-content-full alpha units'><div class='post-entry post-entry-type-page post-entry-698'><div class='entry-content-wrapper clearfix'>\n<div class=\"flex_column av_one_full  flex_column_div av-zero-column-padding first  \" style='border-radius:0px; '><div style='padding-bottom:10px; color:#ffffff;' class='av-special-heading av-special-heading-h1 custom-color-heading blockquote modern-quote   '><h1 class='av-special-heading-tag '  itemprop=\"headline\"  >Detaljer<\/h1><div class='special-heading-border'><div class='special-heading-inner-border' style='border-color:#ffffff'><\/div><\/div><\/div><\/div><div class=\"flex_column av_two_third  flex_column_div av-zero-column-padding first  \" style='border-radius:0px; '><section class=\"av_textblock_section \"  itemscope=\"itemscope\" itemtype=\"https:\/\/schema.org\/CreativeWork\" ><div class='avia_textblock  '   itemprop=\"text\" ><p><strong>Systemvegg Ti100 HP<\/strong> (hatteprofil) tett vegg med synlig vertikal profiler, alt i samme farge std. NCS S 0500 N.<\/p>\n<p>Systemveggen gir mulighet for oppheng av hyller og kroker. Systemet gir ogs\u00e5 mulighet for integrert glassfelt og d\u00f8rfelt. Systemveggen er modulert i cc 900 mm. og kan enkelt demonteres og remonteres. Kan leveres i h\u00f8yde opp til 5000 mm.Lydkrav se <em><a href=\"http:\/\/www.time-as.no\/interior\/lydfakta\">Lydfakta.<\/a><\/em><\/p>\n<\/div><\/section><\/div><\/p>\n<div class=\"flex_column av_one_third  flex_column_div av-zero-column-padding   \" style='border-radius:0px; '><div  data-autoplay='1'  data-interval='5'  data-animation='fade'  data-hoverpause='1'  class='avia-testimonial-wrapper avia-grid-testimonials avia-grid-1-testimonials avia_animate_when_almost_visible  av-minimal-grid-style av-boxed-grid-style '>\n<section class ='avia-testimonial-row'><div class='avia-testimonial av_one_full flex_column no_margin avia-testimonial-row-1 avia-first-testimonialavia-last-testimonial'  itemscope=\"itemscope\" itemtype=\"https:\/\/schema.org\/Person\" ><div class='avia-testimonial_inner'><div class='avia-testimonial-content '    itemscope=\"itemscope\" itemtype=\"https:\/\/schema.org\/CreativeWork\" ><p>Lorem ipsum dolor sit amet, consectetur adipiscing elit. Sed tempor placerat nisl in cursus. Fusce sed mi pulvinar, scelerisque ipsum vitae, facilisis eros.<\/p>\n<\/div><div class='avia-testimonial-meta'><div class='avia-testimonial-arrow-wrap'><div class='avia-arrow'><\/div><\/div><div class='avia-testimonial-image'  itemprop=\"image\"  ><\/div><div class='avia-testimonial-meta-mini'><strong  class='avia-testimonial-name'    itemprop=\"name\" >Ola Nordmann<\/strong><span  class='avia-testimonial-subtitle '    itemprop=\"jobTitle\" >CEO Fjell Industri<\/span><span class='hidden avia-testimonial-markup-link'   itemprop=\"url\" >http:\/\/#<\/span> &ndash; <a class='aviablank avia-testimonial-link' href='http:\/\/#' >Fjell Industri<\/a><\/div><\/div><\/div><\/div><\/section>\n<\/div><\/div>\n<div id='av-masonry-1' class='av-masonry  noHover av-fixed-size av-1px-gap av-hover-overlay-active av-masonry-col-5 av-caption-on-hover av-caption-style-overlay av-masonry-gallery     '  ><div class='av-masonry-container isotope av-js-disabled ' ><div class='av-masonry-entry isotope-item av-masonry-item-no-image '><\/div><a href=\"https:\/\/time-as.no\/interior\/wp-content\/uploads\/sites\/2\/2018\/06\/TI5060-eik-med-ramme-d\u00f8rblad-i-full-h\u00f8yde-1030x525.png\" id='av-masonry-1-item-26' data-av-masonry-item='26' class='av-masonry-entry isotope-item post-26 attachment type-attachment status-inherit hentry  av-masonry-item-with-image av-landscape-img' title=\"\"  itemprop=\"thumbnailUrl\" ><div class='av-inner-masonry-sizer'><\/div><figure class='av-inner-masonry main_color'><div class=\"av-masonry-outerimage-container\"><div class=\"av-masonry-image-container\" style=\"background-image: url(https:\/\/time-as.no\/interior\/wp-content\/uploads\/sites\/2\/2018\/06\/TI5060-eik-med-ramme-d\u00f8rblad-i-full-h\u00f8yde-705x359.png);\"><\/div><\/div><figcaption class='av-inner-masonry-content site-background'><div class='av-inner-masonry-content-pos'><div class='av-inner-masonry-content-pos-content'><div class='avia-arrow'><\/div><h3 class='av-masonry-entry-title entry-title'  itemprop=\"headline\" >TI5060 eik med ramme d\u00f8rblad i full h\u00f8yde<\/h3><\/div><\/div><\/figcaption><\/figure><\/a><!--end av-masonry entry--><a href=\"https:\/\/time-as.no\/interior\/wp-content\/uploads\/sites\/2\/2018\/06\/TI5060-alu.natur-med-tett-gr\u00e5-d\u00f8r-og-fast-overfelt-1030x525.png\" id='av-masonry-1-item-25' data-av-masonry-item='25' class='av-masonry-entry isotope-item post-25 attachment type-attachment status-inherit hentry  av-masonry-item-with-image av-landscape-img' title=\"\"  itemprop=\"thumbnailUrl\" ><div class='av-inner-masonry-sizer'><\/div><figure class='av-inner-masonry main_color'><div class=\"av-masonry-outerimage-container\"><div class=\"av-masonry-image-container\" style=\"background-image: url(https:\/\/time-as.no\/interior\/wp-content\/uploads\/sites\/2\/2018\/06\/TI5060-alu.natur-med-tett-gr\u00e5-d\u00f8r-og-fast-overfelt-705x359.png);\"><\/div><\/div><figcaption class='av-inner-masonry-content site-background'><div class='av-inner-masonry-content-pos'><div class='av-inner-masonry-content-pos-content'><div class='avia-arrow'><\/div><h3 class='av-masonry-entry-title entry-title'  itemprop=\"headline\" >TI5060 alu.natur med tett gr\u00e5 d\u00f8r og fast overfelt<\/h3><\/div><\/div><\/figcaption><\/figure><\/a><!--end av-masonry entry--><a href=\"https:\/\/time-as.no\/interior\/wp-content\/uploads\/sites\/2\/2018\/06\/TI5060-alu.natur-med-eik-helglass-d\u00f8r-i-full-h\u00f8yde-1030x525.png\" id='av-masonry-1-item-24' data-av-masonry-item='24' class='av-masonry-entry isotope-item post-24 attachment type-attachment status-inherit hentry  av-masonry-item-with-image av-landscape-img' title=\"\"  itemprop=\"thumbnailUrl\" ><div class='av-inner-masonry-sizer'><\/div><figure class='av-inner-masonry main_color'><div class=\"av-masonry-outerimage-container\"><div class=\"av-masonry-image-container\" style=\"background-image: url(https:\/\/time-as.no\/interior\/wp-content\/uploads\/sites\/2\/2018\/06\/TI5060-alu.natur-med-eik-helglass-d\u00f8r-i-full-h\u00f8yde-705x359.png);\"><\/div><\/div><figcaption class='av-inner-masonry-content site-background'><div class='av-inner-masonry-content-pos'><div class='av-inner-masonry-content-pos-content'><div class='avia-arrow'><\/div><h3 class='av-masonry-entry-title entry-title'  itemprop=\"headline\" >TI5060 alu.natur med eik helglass d\u00f8r i full h\u00f8yde<\/h3><\/div><\/div><\/figcaption><\/figure><\/a><!--end av-masonry entry--><a href=\"https:\/\/time-as.no\/interior\/wp-content\/uploads\/sites\/2\/2018\/06\/TI5050-m\u00f8rk-gr\u00e5-med-ramme-d\u00f8rblad-og-overlys-1030x525.png\" id='av-masonry-1-item-23' data-av-masonry-item='23' class='av-masonry-entry isotope-item post-23 attachment type-attachment status-inherit hentry  av-masonry-item-with-image av-landscape-img' title=\"\"  itemprop=\"thumbnailUrl\" ><div class='av-inner-masonry-sizer'><\/div><figure class='av-inner-masonry main_color'><div class=\"av-masonry-outerimage-container\"><div class=\"av-masonry-image-container\" style=\"background-image: url(https:\/\/time-as.no\/interior\/wp-content\/uploads\/sites\/2\/2018\/06\/TI5050-m\u00f8rk-gr\u00e5-med-ramme-d\u00f8rblad-og-overlys-705x359.png);\"><\/div><\/div><figcaption class='av-inner-masonry-content site-background'><div class='av-inner-masonry-content-pos'><div class='av-inner-masonry-content-pos-content'><div class='avia-arrow'><\/div><h3 class='av-masonry-entry-title entry-title'  itemprop=\"headline\" >TI5050 m\u00f8rk gr\u00e5 med ramme d\u00f8rblad og overlys<\/h3><\/div><\/div><\/figcaption><\/figure><\/a><!--end av-masonry entry--><a href=\"https:\/\/time-as.no\/interior\/wp-content\/uploads\/sites\/2\/2018\/06\/TI5050-gr\u00e5-med-ramme-d\u00f8rblad-i-full-h\u00f8yde-1030x579.png\" id='av-masonry-1-item-22' data-av-masonry-item='22' class='av-masonry-entry isotope-item post-22 attachment type-attachment status-inherit hentry  av-masonry-item-with-image av-landscape-img' title=\"\"  itemprop=\"thumbnailUrl\" ><div class='av-inner-masonry-sizer'><\/div><figure class='av-inner-masonry main_color'><div class=\"av-masonry-outerimage-container\"><div class=\"av-masonry-image-container\" style=\"background-image: url(https:\/\/time-as.no\/interior\/wp-content\/uploads\/sites\/2\/2018\/06\/TI5050-gr\u00e5-med-ramme-d\u00f8rblad-i-full-h\u00f8yde-705x397.png);\"><\/div><\/div><figcaption class='av-inner-masonry-content site-background'><div class='av-inner-masonry-content-pos'><div class='av-inner-masonry-content-pos-content'><div class='avia-arrow'><\/div><h3 class='av-masonry-entry-title entry-title'  itemprop=\"headline\" >TI5050 gr\u00e5 med ramme d\u00f8rblad i full h\u00f8yde<\/h3><\/div><\/div><\/figcaption><\/figure><\/a><!--end av-masonry entry--><a href=\"https:\/\/time-as.no\/interior\/wp-content\/uploads\/sites\/2\/2018\/06\/svanholmen-4-1030x773.jpg\" id='av-masonry-1-item-21' data-av-masonry-item='21' class='av-masonry-entry isotope-item post-21 attachment type-attachment status-inherit hentry  av-masonry-item-with-image av-grid-img' title=\"\"  itemprop=\"thumbnailUrl\" ><div class='av-inner-masonry-sizer'><\/div><figure class='av-inner-masonry main_color'><div class=\"av-masonry-outerimage-container\"><div class=\"av-masonry-image-container\" style=\"background-image: url(https:\/\/time-as.no\/interior\/wp-content\/uploads\/sites\/2\/2018\/06\/svanholmen-4-705x529.jpg);\"><\/div><\/div><figcaption class='av-inner-masonry-content site-background'><div class='av-inner-masonry-content-pos'><div class='av-inner-masonry-content-pos-content'><div class='avia-arrow'><\/div><h3 class='av-masonry-entry-title entry-title'  itemprop=\"headline\" ><\/h3><\/div><\/div><\/figcaption><\/figure><\/a><!--end av-masonry entry--><a href=\"https:\/\/time-as.no\/interior\/wp-content\/uploads\/sites\/2\/2018\/06\/DSC00492-1030x684.jpg\" id='av-masonry-1-item-19' data-av-masonry-item='19' class='av-masonry-entry isotope-item post-19 attachment type-attachment status-inherit hentry  av-masonry-item-with-image av-grid-img' title=\"\"  itemprop=\"thumbnailUrl\" ><div class='av-inner-masonry-sizer'><\/div><figure class='av-inner-masonry main_color'><div class=\"av-masonry-outerimage-container\"><div class=\"av-masonry-image-container\" style=\"background-image: url(https:\/\/time-as.no\/interior\/wp-content\/uploads\/sites\/2\/2018\/06\/DSC00492-705x468.jpg);\"><\/div><\/div><figcaption class='av-inner-masonry-content site-background'><div class='av-inner-masonry-content-pos'><div class='av-inner-masonry-content-pos-content'><div class='avia-arrow'><\/div><h3 class='av-masonry-entry-title entry-title'  itemprop=\"headline\" >DSC00492<\/h3><\/div><\/div><\/figcaption><\/figure><\/a><!--end av-masonry entry--><\/div><\/div>\n","protected":false},"excerpt":{"rendered":"<p>Detaljer<\/p>\n","protected":false},"featured_media":0,"parent":0,"menu_order":0,"template":"","productcategory":[],"class_list":["post-698","product","type-product","status-publish","hentry"],"_links":{"self":[{"href":"https:\/\/time-as.no\/interior\/wp-json\/wp\/v2\/product\/698","targetHints":{"allow":["GET"]}}],"collection":[{"href":"https:\/\/time-as.no\/interior\/wp-json\/wp\/v2\/product"}],"about":[{"href":"https:\/\/time-as.no\/interior\/wp-json\/wp\/v2\/types\/product"}],"version-history":[{"count":2,"href":"https:\/\/time-as.no\/interior\/wp-json\/wp\/v2\/product\/698\/revisions"}],"predecessor-version":[{"id":854,"href":"https:\/\/time-as.no\/interior\/wp-json\/wp\/v2\/product\/698\/revisions\/854"}],"wp:attachment":[{"href":"https:\/\/time-as.no\/interior\/wp-json\/wp\/v2\/media?parent=698"}],"wp:term":[{"taxonomy":"productcategory","embeddable":true,"href":"https:\/\/time-as.no\/interior\/wp-json\/wp\/v2\/productcategory?post=698"}],"curies":[{"name":"wp","href":"https:\/\/api.w.org\/{rel}","templated":true}]}}